{"id":2,"date":"2024-02-13T19:10:02","date_gmt":"2024-02-13T19:10:02","guid":{"rendered":"https:\/\/akgul.net.tr\/?page_id=2"},"modified":"2024-02-13T19:26:54","modified_gmt":"2024-02-13T19:26:54","slug":"ana","status":"publish","type":"page","link":"https:\/\/akgul.net.tr\/index.php\/ana\/","title":{"rendered":"AKGUL Ana Sayfa"},"content":{"rendered":"\r\n<blockquote class=\"wp-block-quote\">\r\n<p>Dedemiz R\u0131za AKG\u00dcL an\u0131s\u0131na,<\/p>\r\n<p>&nbsp;<\/p>\r\n<\/blockquote>\r\n\r\n\r\n\r\n<p>Mail \/ E-Posta i\u00e7in\u00a0 <a href=\"https:\/\/mail.akgul.net.tr\">buraya TIKLAYIN<\/a>\u00a0 <\/p>\r\n","protected":false},"excerpt":{"rendered":"<p>Dedemiz R\u0131za AKG\u00dcL an\u0131s\u0131na, &nbsp; Mail \/ E-Posta i\u00e7in\u00a0 buraya TIKLAYIN\u00a0<\/p>\n","protected":false},"author":1,"featured_media":0,"parent":0,"menu_order":0,"comment_status":"closed","ping_status":"open","template":"","meta":{"footnotes":""},"class_list":["post-2","page","type-page","status-publish","hentry"],"_links":{"self":[{"href":"https:\/\/akgul.net.tr\/index.php\/wp-json\/wp\/v2\/pages\/2","targetHints":{"allow":["GET"]}}],"collection":[{"href":"https:\/\/akgul.net.tr\/index.php\/wp-json\/wp\/v2\/pages"}],"about":[{"href":"https:\/\/akgul.net.tr\/index.php\/wp-json\/wp\/v2\/types\/page"}],"author":[{"embeddable":true,"href":"https:\/\/akgul.net.tr\/index.php\/wp-json\/wp\/v2\/users\/1"}],"replies":[{"embeddable":true,"href":"https:\/\/akgul.net.tr\/index.php\/wp-json\/wp\/v2\/comments?post=2"}],"version-history":[{"count":2,"href":"https:\/\/akgul.net.tr\/index.php\/wp-json\/wp\/v2\/pages\/2\/revisions"}],"predecessor-version":[{"id":7,"href":"https:\/\/akgul.net.tr\/index.php\/wp-json\/wp\/v2\/pages\/2\/revisions\/7"}],"wp:attachment":[{"href":"https:\/\/akgul.net.tr\/index.php\/wp-json\/wp\/v2\/media?parent=2"}],"curies":[{"name":"wp","href":"https:\/\/api.w.org\/{rel}","templated":true}]}}